{"id":5361,"date":"2023-06-20T07:55:19","date_gmt":"2023-06-20T06:55:19","guid":{"rendered":"https:\/\/www.stabigo.com\/haendler-werden\/"},"modified":"2023-07-11T09:06:52","modified_gmt":"2023-07-11T08:06:52","slug":"haendler-werden","status":"publish","type":"page","link":"https:\/\/www.stabigo.com\/de\/haendler-werden\/","title":{"rendered":"H\u00e4ndler werden"},"content":{"rendered":"<div class=\"wpb-content-wrapper\"><p>[vc_row][vc_column][vc_column_text]<\/p>\n<p style=\"font-weight: 400;\">M\u00f6chten Sie H\u00e4ndler f\u00fcr unsere STABIGO Produkte werden? Sie k\u00f6nnen!<\/p>\n<p style=\"font-weight: 400;\">Wir sind immer auf der Suche nach interessanten Kooperationen im In- und Ausland. In Absprache mit Ihnen pr\u00e4sentieren wir unsere Produkte auf die sch\u00f6nste Art und Weise. Dies kann eine Pr\u00e4sentation an einer ganzen Wand oder in einigen wenigen Schauk\u00e4sten sein. Sind Sie an weiteren Informationen zu diesem Thema interessiert? F\u00fcllen Sie das untenstehende Kontaktformular aus und wir werden uns so schnell wie m\u00f6glich mit Ihnen in Verbindung setzen.<\/p>\n<p>[\/vc_column_text][\/vc_column][\/vc_row][vc_row][vc_column width=&#8220;1\/3&#8243;][vc_single_image image=&#8220;1523&#8243; img_size=&#8220;750&#215;500&#8243;][\/vc_column][vc_column width=&#8220;1\/3&#8243;][vc_single_image image=&#8220;1529&#8243; img_size=&#8220;750&#215;500&#8243;][\/vc_column][vc_column width=&#8220;1\/3&#8243;][vc_single_image image=&#8220;1526&#8243; img_size=&#8220;750&#215;500&#8243;][\/vc_column][\/vc_row][vc_row][vc_column][vc_column_text]<\/p>\n<h2>Kontakt aufnehmen<\/h2>\n<p>Haben Sie Fragen zu unseren Produkten? Oder sind Sie auf der Suche nach einem STABIGO H\u00e4ndler in Ihrer N\u00e4he? F\u00fcllen Sie das untenstehende Kontaktformular aus und wir werden uns so schnell wie m\u00f6glich mit Ihnen in Verbindung setzen.[\/vc_column_text][\/vc_column][\/vc_row]<\/p>\n<\/div>","protected":false},"excerpt":{"rendered":"<p>[vc_row][vc_column][vc_column_text] M\u00f6chten Sie H\u00e4ndler f\u00fcr unsere STABIGO Produkte werden? Sie k\u00f6nnen! Wir sind immer auf der Suche nach interessanten Kooperationen&#8230;<\/p>\n","protected":false},"author":1,"featured_media":0,"parent":0,"menu_order":0,"comment_status":"closed","ping_status":"closed","template":"","meta":{"_acf_changed":false,"footnotes":""},"class_list":["post-5361","page","type-page","status-publish","hentry"],"acf":[],"_links":{"self":[{"href":"https:\/\/www.stabigo.com\/de\/wp-json\/wp\/v2\/pages\/5361","targetHints":{"allow":["GET"]}}],"collection":[{"href":"https:\/\/www.stabigo.com\/de\/wp-json\/wp\/v2\/pages"}],"about":[{"href":"https:\/\/www.stabigo.com\/de\/wp-json\/wp\/v2\/types\/page"}],"author":[{"embeddable":true,"href":"https:\/\/www.stabigo.com\/de\/wp-json\/wp\/v2\/users\/1"}],"replies":[{"embeddable":true,"href":"https:\/\/www.stabigo.com\/de\/wp-json\/wp\/v2\/comments?post=5361"}],"version-history":[{"count":6,"href":"https:\/\/www.stabigo.com\/de\/wp-json\/wp\/v2\/pages\/5361\/revisions"}],"predecessor-version":[{"id":5397,"href":"https:\/\/www.stabigo.com\/de\/wp-json\/wp\/v2\/pages\/5361\/revisions\/5397"}],"wp:attachment":[{"href":"https:\/\/www.stabigo.com\/de\/wp-json\/wp\/v2\/media?parent=5361"}],"curies":[{"name":"wp","href":"https:\/\/api.w.org\/{rel}","templated":true}]}}