{"id":5393,"date":"2022-01-28T15:39:59","date_gmt":"2022-01-28T14:39:59","guid":{"rendered":"https:\/\/www.stabigo.com\/datenschutzbestimmungen\/"},"modified":"2022-01-28T15:39:59","modified_gmt":"2022-01-28T14:39:59","slug":"datenschutzbestimmungen","status":"publish","type":"page","link":"https:\/\/www.stabigo.com\/de\/datenschutzbestimmungen\/","title":{"rendered":"Datenschutzbestimmungen"},"content":{"rendered":"<p>Datenschutzrichtlinie f\u00fcr Stabigo Bvba, Eigent\u00fcmer von stabigo.com<\/p>\n<p><strong>1) Datenschutzgarantien<\/strong><\/p>\n<p>Der Schutz der Privatsph\u00e4re der Besucher von stabigo.com ist f\u00fcr uns eine wichtige Aufgabe. Deshalb beschreiben wir in unserer Datenschutzerkl\u00e4rung, welche Informationen wir sammeln und wie wir sie verwenden.<\/p>\n<p><strong>2) Zustimmung<\/strong><\/p>\n<p>Durch die Nutzung der Informationen und Dienstleistungen auf stabigo.com erkl\u00e4ren Sie sich mit unserer Datenschutzpolitik und den hier dargelegten Bedingungen einverstanden.<\/p>\n<p><strong>3) Fragen<\/strong><\/p>\n<p>Wenn Sie weitere Informationen w\u00fcnschen oder Fragen zur Datenschutzpolitik von Stabigo Bvba und insbesondere von stabigo.com haben, k\u00f6nnen Sie uns per E-Mail kontaktieren. Unsere E-Mail Adresse lautet info@stabigo.com.<\/p>\n<p><strong>4) \u00dcberwachung des Besucherverhaltens<\/strong><\/p>\n<p>stabigo.com verwendet verschiedene Techniken, um zu verfolgen, wer die Website besucht, wie sich dieser Besucher auf der Website verh\u00e4lt und welche Seiten besucht werden. Dies ist eine g\u00e4ngige Arbeitsweise f\u00fcr Websites, da sie Informationen liefert, die zur Qualit\u00e4t der Benutzererfahrung beitragen. Zu den Informationen, die wir \u00fcber Cookies aufzeichnen, geh\u00f6ren IP-Adressen, Browser-Typ und besuchte Seiten.<\/p>\n<p>Wir beobachten auch, wo Besucher die Website zum ersten Mal besuchen und von welcher Seite aus sie sie verlassen. Wir halten diese Informationen anonym und sind nicht mit anderen pers\u00f6nlichen Informationen, <a href=\"http:\/\/eurodisneyaanbiedingen.nl\/\" target=\"_blank\" rel=\"noopener noreferrer\">Informationen auf Websites gehalten<\/a> verkn\u00fcpft.<\/p>\n<p><strong>5) Verwendung von Cookies<\/strong><\/p>\n<p>stabigo.com platziert Cookies f\u00fcr Besucher. Wir tun dies, um Informationen \u00fcber die von den Benutzern auf unserer Website besuchten Seiten zu sammeln, um zu verfolgen, wie oft die Besucher zur\u00fcckkehren, und um zu sehen, welche Seiten auf der Website gut laufen. Wir behalten auch im Auge, welche Informationen der Browser weitergibt.<\/p>\n<p><strong>6) Deaktivieren von Cookies<\/strong><\/p>\n<p>Sie haben die M\u00f6glichkeit, Cookies zu deaktivieren. Sie tun dies, indem Sie die M\u00f6glichkeiten Ihres Browsers nutzen. Weitere Informationen zu diesen Optionen finden Sie auf der Website Ihres Browser-Anbieters.<\/p>\n<p><strong>7) Cookies von Dritten<\/strong><\/p>\n<p>Dritte, wie z. B. Google, k\u00f6nnen auf unserer Website Werbung schalten oder wir k\u00f6nnen einen anderen Dienst nutzen. Zu diesem Zweck setzen diese Dritten in einigen F\u00e4llen Cookies. Diese Cookies k\u00f6nnen von stabigo.com nicht beeinflusst werden.<\/p>\n<!-- \/wp:post-content -->","protected":false},"excerpt":{"rendered":"<p>Datenschutzrichtlinie f\u00fcr Stabigo Bvba, Eigent\u00fcmer von stabigo.com 1) Datenschutzgarantien Der Schutz der Privatsph\u00e4re der Besucher von stabigo.com ist f\u00fcr uns&#8230;<\/p>\n","protected":false},"author":1,"featured_media":0,"parent":0,"menu_order":0,"comment_status":"closed","ping_status":"open","template":"","meta":{"_acf_changed":false,"footnotes":""},"class_list":["post-5393","page","type-page","status-publish","hentry"],"acf":[],"_links":{"self":[{"href":"https:\/\/www.stabigo.com\/de\/wp-json\/wp\/v2\/pages\/5393","targetHints":{"allow":["GET"]}}],"collection":[{"href":"https:\/\/www.stabigo.com\/de\/wp-json\/wp\/v2\/pages"}],"about":[{"href":"https:\/\/www.stabigo.com\/de\/wp-json\/wp\/v2\/types\/page"}],"author":[{"embeddable":true,"href":"https:\/\/www.stabigo.com\/de\/wp-json\/wp\/v2\/users\/1"}],"replies":[{"embeddable":true,"href":"https:\/\/www.stabigo.com\/de\/wp-json\/wp\/v2\/comments?post=5393"}],"version-history":[{"count":0,"href":"https:\/\/www.stabigo.com\/de\/wp-json\/wp\/v2\/pages\/5393\/revisions"}],"wp:attachment":[{"href":"https:\/\/www.stabigo.com\/de\/wp-json\/wp\/v2\/media?parent=5393"}],"curies":[{"name":"wp","href":"https:\/\/api.w.org\/{rel}","templated":true}]}}