{"id":5359,"date":"2023-06-12T13:39:54","date_gmt":"2023-06-12T12:39:54","guid":{"rendered":"https:\/\/www.stabigo.com\/contact\/"},"modified":"2024-09-03T12:12:07","modified_gmt":"2024-09-03T11:12:07","slug":"contact","status":"publish","type":"page","link":"https:\/\/www.stabigo.com\/fr\/contact\/","title":{"rendered":"Contact"},"content":{"rendered":"<div class=\"wpb-content-wrapper\"><p>[vc_row][vc_column width=\u00a0\u00bb1\/3&Prime;][vc_column_text]<\/p>\n<h3>Donn\u00e9es de l&rsquo;entreprise<\/h3>\n<p><strong>Adresse Warehouse Her<\/strong> restraat 16, 3294 Diest TVA : BE0896712045 IBAN : BE45143071410289 BIC : GEBABEBB[\/vc_column_text][\/vc_column][vc_column width=\u00a0\u00bb1\/3&Prime;][vc_column_text]<\/p>\n<h3>Num\u00e9ros de t\u00e9l\u00e9phone<\/h3>\n<p><img decoding=\"async\" class=\"country\" src=\"https:\/\/www.stabigo.com\/wp-content\/uploads\/Vlag_Blegie.png\" \/> <strong>Wendy Beckers<\/strong><br \/>\n<img decoding=\"async\" src=\"https:\/\/www.stabigo.com\/wp-content\/uploads\/Icon_Mobile.svg\" \/> <a href=\"tel:0032470967026\">0032 470 96 70 26<\/a><\/p>\n<p><i class=\"fa empty\"><\/i><img decoding=\"async\" class=\"country\" src=\"https:\/\/www.stabigo.com\/wp-content\/uploads\/Vlag_Blegie.png\" \/> <strong>Gordon Appermont<br \/>\n<\/strong><img decoding=\"async\" src=\"https:\/\/www.stabigo.com\/wp-content\/uploads\/Icon_Mobile.svg\" \/> <a href=\"tel:0032496237120\">0032 496 23 71 20<\/a><\/p>\n<p><img decoding=\"async\" class=\"country\" src=\"https:\/\/www.stabigo.com\/wp-content\/uploads\/Vlag_Nederland.png\" \/> <strong>Raymond van der Burgt<br \/>\n<\/strong><img decoding=\"async\" src=\"https:\/\/www.stabigo.com\/wp-content\/uploads\/Icon_Mobile.svg\" \/> <a href=\"tel:0031683202155\">0031 6 832 021 55<\/a><\/p>\n<p><i class=\"fa empty\"><\/i><img decoding=\"async\" class=\"country\" src=\"https:\/\/www.stabigo.com\/wp-content\/uploads\/Vlag_Nederland.png\" \/> <strong>Joris Mulders<br \/>\n<\/strong><img decoding=\"async\" src=\"https:\/\/www.stabigo.com\/wp-content\/uploads\/Icon_Mobile.svg\" \/> <a href=\"tel:0031612964499\">0031 6 129 644 99<\/a>[\/vc_column_text][\/vc_column][vc_column width=\u00a0\u00bb1\/3&Prime;][vc_column_text]<\/p>\n<h3>Courriel :<\/h3>\n<p><img decoding=\"async\" class=\"country\" src=\"https:\/\/www.stabigo.com\/wp-content\/uploads\/Vlag_Blegie.png\" \/> <strong>E-mail Belgique<\/strong><br \/>\n<img decoding=\"async\" src=\"https:\/\/www.stabigo.com\/wp-content\/uploads\/Icon_Mail_zwart.svg\" \/> <a href=\"tel:info@stabigo.com\">info@stabigo.com<\/a><\/p>\n<p><i class=\"fa empty\"><\/i><img decoding=\"async\" class=\"country\" src=\"https:\/\/www.stabigo.com\/wp-content\/uploads\/Vlag_Nederland.png\" \/> <strong>Courriel Pays-Bas<br \/>\n<\/strong><img decoding=\"async\" src=\"https:\/\/www.stabigo.com\/wp-content\/uploads\/Icon_Mail_zwart.svg\" \/> <a href=\"tel:info@stabigo.nl\">info@stabigo.nl<\/a>[\/vc_column_text][\/vc_column][\/vc_row]<\/p>\n<\/div>","protected":false},"excerpt":{"rendered":"<p>[vc_row][vc_column width=\u00a0\u00bb1\/3&Prime;][vc_column_text] Donn\u00e9es de l&rsquo;entreprise Adresse Warehouse Her restraat 16, 3294 Diest TVA : BE0896712045 IBAN : BE45143071410289 BIC :&#8230;<\/p>\n","protected":false},"author":1,"featured_media":0,"parent":0,"menu_order":0,"comment_status":"closed","ping_status":"closed","template":"","meta":{"_acf_changed":false,"footnotes":""},"class_list":["post-5359","page","type-page","status-publish","hentry"],"acf":[],"_links":{"self":[{"href":"https:\/\/www.stabigo.com\/fr\/wp-json\/wp\/v2\/pages\/5359","targetHints":{"allow":["GET"]}}],"collection":[{"href":"https:\/\/www.stabigo.com\/fr\/wp-json\/wp\/v2\/pages"}],"about":[{"href":"https:\/\/www.stabigo.com\/fr\/wp-json\/wp\/v2\/types\/page"}],"author":[{"embeddable":true,"href":"https:\/\/www.stabigo.com\/fr\/wp-json\/wp\/v2\/users\/1"}],"replies":[{"embeddable":true,"href":"https:\/\/www.stabigo.com\/fr\/wp-json\/wp\/v2\/comments?post=5359"}],"version-history":[{"count":7,"href":"https:\/\/www.stabigo.com\/fr\/wp-json\/wp\/v2\/pages\/5359\/revisions"}],"predecessor-version":[{"id":8943,"href":"https:\/\/www.stabigo.com\/fr\/wp-json\/wp\/v2\/pages\/5359\/revisions\/8943"}],"wp:attachment":[{"href":"https:\/\/www.stabigo.com\/fr\/wp-json\/wp\/v2\/media?parent=5359"}],"curies":[{"name":"wp","href":"https:\/\/api.w.org\/{rel}","templated":true}]}}