{"id":5373,"date":"2023-06-12T13:44:33","date_gmt":"2023-06-12T12:44:33","guid":{"rendered":"https:\/\/www.stabigo.com\/telechargements\/"},"modified":"2023-07-11T09:06:52","modified_gmt":"2023-07-11T08:06:52","slug":"telechargements","status":"publish","type":"page","link":"https:\/\/www.stabigo.com\/fr\/telechargements\/","title":{"rendered":"T\u00e9l\u00e9chargements"},"content":{"rendered":"<div class=\"wpb-content-wrapper\"><p>[vc_row][vc_column][vc_column_text]Cliquez sur le lien ci-dessous pour visualiser et t\u00e9l\u00e9charger le PDF<\/p>\n<ul>\n<li><a href=\"\/wp-content\/uploads\/Petrographic-description.pdf\" target=\"_blank\" rel=\"noopener noreferrer\">Description p\u00e9trographique<\/a><\/li>\n<li><a href=\"\/wp-content\/uploads\/Plaatsingsvoorschriften-STABIGO.pdf\">Exigences en mati\u00e8re d&rsquo;installation<\/a><\/li>\n<li><a href=\"\/wp-content\/uploads\/HMK-Onderhoudsadvies-natuursteen-kiezels-en-marmer-mozaiek_15638762012524.pdf\" target=\"_blank\" rel=\"noopener\">Conseils d&rsquo;entretien et d&rsquo;impr\u00e9gnation<\/a><\/li>\n<\/ul>\n<p>[\/vc_column_text][\/vc_column][\/vc_row]<\/p>\n<\/div>","protected":false},"excerpt":{"rendered":"<p>[vc_row][vc_column][vc_column_text]Cliquez sur le lien ci-dessous pour visualiser et t\u00e9l\u00e9charger le PDF Description p\u00e9trographique Exigences en mati\u00e8re d&rsquo;installation Conseils d&rsquo;entretien et&#8230;<\/p>\n","protected":false},"author":1,"featured_media":0,"parent":0,"menu_order":0,"comment_status":"closed","ping_status":"closed","template":"","meta":{"_acf_changed":false,"footnotes":""},"class_list":["post-5373","page","type-page","status-publish","hentry"],"acf":[],"_links":{"self":[{"href":"https:\/\/www.stabigo.com\/fr\/wp-json\/wp\/v2\/pages\/5373","targetHints":{"allow":["GET"]}}],"collection":[{"href":"https:\/\/www.stabigo.com\/fr\/wp-json\/wp\/v2\/pages"}],"about":[{"href":"https:\/\/www.stabigo.com\/fr\/wp-json\/wp\/v2\/types\/page"}],"author":[{"embeddable":true,"href":"https:\/\/www.stabigo.com\/fr\/wp-json\/wp\/v2\/users\/1"}],"replies":[{"embeddable":true,"href":"https:\/\/www.stabigo.com\/fr\/wp-json\/wp\/v2\/comments?post=5373"}],"version-history":[{"count":1,"href":"https:\/\/www.stabigo.com\/fr\/wp-json\/wp\/v2\/pages\/5373\/revisions"}],"predecessor-version":[{"id":5387,"href":"https:\/\/www.stabigo.com\/fr\/wp-json\/wp\/v2\/pages\/5373\/revisions\/5387"}],"wp:attachment":[{"href":"https:\/\/www.stabigo.com\/fr\/wp-json\/wp\/v2\/media?parent=5373"}],"curies":[{"name":"wp","href":"https:\/\/api.w.org\/{rel}","templated":true}]}}